{"id":1321,"date":"2023-10-24T14:34:10","date_gmt":"2023-10-24T14:34:10","guid":{"rendered":"https:\/\/dimfranka.lviv.ua\/?post_type=product&#038;p=1321"},"modified":"2023-12-11T16:11:14","modified_gmt":"2023-12-11T16:11:14","slug":"franko-von-a-biz-z-katalog-fur-die-ausstellung","status":"publish","type":"product","link":"https:\/\/dimfranka.lviv.ua\/en\/material\/franko-von-a-biz-z-katalog-fur-die-ausstellung","title":{"rendered":"Franko von A biz Z : Katalog f\u00fcr die Ausstellung"},"content":{"rendered":"<p><span style=\"font-weight: 400;\">\u00abFranko von A biz Z\u00bb ist ein interaktives Wanderausstellungslabyrinth, das nach dem Prinzip des englischen Alphabets zusammengestellt wurde: Franko from A to Z. Es pr\u00e4sentiert der europ\u00e4ischen Gesellschaft die ikonische Figur Iwan Franko und die bedeutendsten Ph\u00e4nomene der ukrainischen Kultur im Historischen und soziokulturellen Kontext.<\/span><\/p>\n<p><span style=\"font-weight: 400;\">\u00dcbersetzung : Julija Mykytyuk, Peter Marius Huemer, Ganna Gnedkova.<\/span><\/p>\n<p>Texte Bohdan Tykholoz, Natalja Tykholoz; graphisches Design Romana Romanyschyn, Andrij Lesiw. \u2013 Lwiw [Nationales Iwan Franko Literatur- und Erinnerungsmuseum in Lwiw], 2019 \u2013 64 s., il. (\u0421\u0435\u0440\u0456\u044f \u00ab\u0411\u0456\u0431\u043b\u0456\u043e\u0442\u0435\u043a\u0430 \u0414\u043e\u043c\u0443 \u0424\u0440\u0430\u043d\u043a\u0430\u00bb. \u0412\u0438\u043f. 6).<\/p>\n","protected":false},"excerpt":{"rendered":"<p><a href=\"https:\/\/dimfranka.lviv.ua\/wp-content\/uploads\/2023\/10\/\u0412\u0438\u043f\u0443\u0441\u043a-6_Franko-von-A-bis-Z_\u0422\u0438\u0437\u0435\u0440.pdf\">\u0412\u0438\u043f\u0443\u0441\u043a 6_Franko von A bis Z_\u0422\u0438\u0437\u0435\u0440<\/a><\/p>\n","protected":false},"featured_media":2791,"template":"","meta":{"_acf_changed":false},"product_cat":[25],"product_tag":[],"class_list":{"0":"post-1321","1":"product","2":"type-product","3":"status-publish","4":"has-post-thumbnail","6":"product_cat-publication","8":"first","9":"instock","10":"shipping-taxable","11":"purchasable","12":"product-type-simple"},"acf":[],"_links":{"self":[{"href":"https:\/\/dimfranka.lviv.ua\/en\/wp-json\/wp\/v2\/product\/1321","targetHints":{"allow":["GET"]}}],"collection":[{"href":"https:\/\/dimfranka.lviv.ua\/en\/wp-json\/wp\/v2\/product"}],"about":[{"href":"https:\/\/dimfranka.lviv.ua\/en\/wp-json\/wp\/v2\/types\/product"}],"wp:featuredmedia":[{"embeddable":true,"href":"https:\/\/dimfranka.lviv.ua\/en\/wp-json\/wp\/v2\/media\/2791"}],"wp:attachment":[{"href":"https:\/\/dimfranka.lviv.ua\/en\/wp-json\/wp\/v2\/media?parent=1321"}],"wp:term":[{"taxonomy":"product_cat","embeddable":true,"href":"https:\/\/dimfranka.lviv.ua\/en\/wp-json\/wp\/v2\/product_cat?post=1321"},{"taxonomy":"product_tag","embeddable":true,"href":"https:\/\/dimfranka.lviv.ua\/en\/wp-json\/wp\/v2\/product_tag?post=1321"}],"curies":[{"name":"wp","href":"https:\/\/api.w.org\/{rel}","templated":true}]}}