{"id":5228,"date":"2024-10-29T14:48:08","date_gmt":"2024-10-29T12:48:08","guid":{"rendered":"https:\/\/dimfranka.lviv.ua\/?post_type=product&#038;p=5228"},"modified":"2025-05-28T14:06:08","modified_gmt":"2025-05-28T11:06:08","slug":"poeta-zdrady","status":"publish","type":"product","link":"https:\/\/dimfranka.lviv.ua\/en\/material\/poeta-zdrady","title":{"rendered":"Poeta zdrady"},"content":{"rendered":"<p>Franko J. Poeta zdrady \/ na j\u0119zyk polski prze\u0142o\u017cy\u0142 i wyda\u0142 Patryota polski ; z przedmow\u0105 wydawcy. Warszawa: Drukarnia Gubernialna, 1897. 22 c.<\/p>\n","protected":false},"excerpt":{"rendered":"<p>Franko J. Poeta zdrady \/ na j\u0119zyk polski prze\u0142o\u017cy\u0142 i wyda\u0142 Patryota polski ; z przedmow\u0105 wydawcy. Warszawa: Drukarnia Gubernialna, 1897. 22 c.<\/p>\n","protected":false},"featured_media":5229,"template":"","meta":{"_acf_changed":false},"product_cat":[50],"product_tag":[],"class_list":{"0":"post-5228","1":"product","2":"type-product","3":"status-publish","4":"has-post-thumbnail","6":"product_cat-lifetime_edition","8":"first","9":"instock","10":"shipping-taxable","11":"product-type-simple"},"acf":[],"_links":{"self":[{"href":"https:\/\/dimfranka.lviv.ua\/en\/wp-json\/wp\/v2\/product\/5228","targetHints":{"allow":["GET"]}}],"collection":[{"href":"https:\/\/dimfranka.lviv.ua\/en\/wp-json\/wp\/v2\/product"}],"about":[{"href":"https:\/\/dimfranka.lviv.ua\/en\/wp-json\/wp\/v2\/types\/product"}],"wp:featuredmedia":[{"embeddable":true,"href":"https:\/\/dimfranka.lviv.ua\/en\/wp-json\/wp\/v2\/media\/5229"}],"wp:attachment":[{"href":"https:\/\/dimfranka.lviv.ua\/en\/wp-json\/wp\/v2\/media?parent=5228"}],"wp:term":[{"taxonomy":"product_cat","embeddable":true,"href":"https:\/\/dimfranka.lviv.ua\/en\/wp-json\/wp\/v2\/product_cat?post=5228"},{"taxonomy":"product_tag","embeddable":true,"href":"https:\/\/dimfranka.lviv.ua\/en\/wp-json\/wp\/v2\/product_tag?post=5228"}],"curies":[{"name":"wp","href":"https:\/\/api.w.org\/{rel}","templated":true}]}}